{"id":6430,"date":"2023-02-15T16:16:12","date_gmt":"2023-02-15T14:16:12","guid":{"rendered":"https:\/\/whoknowstheworld.com\/?page_id=6430"},"modified":"2025-02-03T10:48:39","modified_gmt":"2025-02-03T08:48:39","slug":"ueber-mich","status":"publish","type":"page","link":"https:\/\/whoknowstheworld.com\/?page_id=6430","title":{"rendered":"\u00dcber mich"},"content":{"rendered":"\n<div class=\"wp-block-media-text is-stacked-on-mobile\"><figure class=\"wp-block-media-text__media\"><img fetchpriority=\"high\" decoding=\"async\" width=\"843\" height=\"1024\" src=\"https:\/\/whoknowstheworld.com\/wp-content\/uploads\/2025\/02\/IMG-20240914-WA0019-2-843x1024.jpg\" alt=\"\" class=\"wp-image-6858 size-full\" srcset=\"https:\/\/whoknowstheworld.com\/wp-content\/uploads\/2025\/02\/IMG-20240914-WA0019-2-843x1024.jpg 843w, https:\/\/whoknowstheworld.com\/wp-content\/uploads\/2025\/02\/IMG-20240914-WA0019-2-247x300.jpg 247w, https:\/\/whoknowstheworld.com\/wp-content\/uploads\/2025\/02\/IMG-20240914-WA0019-2-768x933.jpg 768w, https:\/\/whoknowstheworld.com\/wp-content\/uploads\/2025\/02\/IMG-20240914-WA0019-2-1265x1536.jpg 1265w, https:\/\/whoknowstheworld.com\/wp-content\/uploads\/2025\/02\/IMG-20240914-WA0019-2.jpg 1320w\" sizes=\"(max-width: 843px) 100vw, 843px\" \/><\/figure><div class=\"wp-block-media-text__content\">\n<p><\/p>\n\n\n\n<p>Hallo und herzlich willkommen auf meiner Seite. <\/p>\n\n\n\n<p>Sch\u00f6n, dass du mehr \u00fcber meine<em> travel stories<\/em> und mich erfahren m\u00f6chtest. Dass ich gerne reise, hast du dir wahrscheinlich schon gedacht. Zus\u00e4tzlich bin ich begeisterte Taucherin, liebe alle wilden Tiere, den afrikanischen Sternenhimmel und bin durchaus abenteuerlustig. Freunde beschreiben mich als gro\u00dfz\u00fcgig, kreativ, hilfsbereit und, ich vermute, ein wenig verr\u00fcckt! Zumindest wird es mit mir niemals langweilig. <\/p>\n\n\n\n<p>So hoffe ich also, dass auch dir das Lesen meiner Beitr\u00e4ge hier Freude bereitet und du diese Seite mit einem L\u00e4cheln durchforstest.<\/p>\n<\/div><\/div>\n\n\n\n<p>Das erste Mal habe ich mich 2019 vor einer Langzeitreise mit dem Thema &#8222;Blog&#8220; besch\u00e4ftigt. Drauf gebracht haben mich meine damaligen KollegInnen und einige Freunde. Sie wollten gerne an meinen Erlebnissen teilhaben. Die Idee fand ich nicht schlecht und ich habe mich erstmals in meinem Leben mit wordpress auseinander gesetzt. Herausgekommen ist eine Website mit einigen Bildern und nat\u00fcrlich den Texten dazu. Oder auch anders herum, Texte mit Bildern dazu. Das Schreiben hat mir viel Spa\u00df gemacht, insbesondere, wenn man viele Stunden im \u00f6ffentlichen Verkehr in einigen afrikanischen L\u00e4ndern verbringt, war das eine \u00e4u\u00dferst gute Besch\u00e4ftigung. Zum einen um das Erlebte zu verarbeiten und eben zum anderen, um meine kleine, aber treue Leserschaft mit News zu versorgen.<\/p>\n\n\n\n<p>Wie so viele andere, hat auch mich Covid-19 in meinem Reisevorhaben unterbrochen, und ich habe den Blog erstmal weites gehend ruhen lassen. Erst einige Jahre sp\u00e4ter, als ich wieder l\u00e4ngere Zeit in Afrika verbracht habe, habe ich das Thema wieder aufgenommen und beschlossen, meine beiden gr\u00f6\u00dften Interessen zu verbinden: Reisen und Tauchen. Nun m\u00f6chte ich diesen Blog langsam zu einem Tauch- und Reiseblog entwickeln. In der Zwischenzeit freue ich mich \u00fcber jede\/n, die\/der \u00fcber meinen Blog stolpert und vielleicht auch ein paar Minuten verweilt.<\/p>\n\n\n\n<p>In diesem Sinne: Viel Spa\u00df beim Lesen! Isabel<\/p>\n\n\n\n<p><\/p>\n","protected":false},"excerpt":{"rendered":"<p>Hallo und herzlich willkommen auf meiner Seite. Sch\u00f6n, dass du mehr \u00fcber meine travel stories und mich erfahren m\u00f6chtest. Dass ich gerne reise, hast du dir wahrscheinlich schon gedacht. Zus\u00e4tzlich bin ich begeisterte Taucherin, liebe alle wilden Tiere, den afrikanischen Sternenhimmel und bin durchaus abenteuerlustig. Freunde beschreiben mich als gro\u00dfz\u00fcgig, kreativ, hilfsbereit und, ich vermute, [&hellip;]<\/p>\n","protected":false},"author":1,"featured_media":6846,"parent":0,"menu_order":0,"comment_status":"closed","ping_status":"closed","template":"","meta":{"footnotes":""},"class_list":["post-6430","page","type-page","status-publish","has-post-thumbnail","hentry","entry","has-media"],"yoast_head":"<!-- This site is optimized with the Yoast SEO plugin v20.11 - https:\/\/yoast.com\/wordpress\/plugins\/seo\/ -->\n<title>\u00dcber mich - who knows the world<\/title>\n<meta name=\"description\" content=\"Tauch- und Reiseblog von Isabel who knows the world Scubadiving und Reisen in Afrika, Asien und dem Rest der Welt\" \/>\n<meta name=\"robots\" content=\"index, follow, max-snippet:-1, max-image-preview:large, max-video-preview:-1\" \/>\n<link rel=\"canonical\" href=\"https:\/\/whoknowstheworld.com\/?page_id=6430\" \/>\n<meta property=\"og:locale\" content=\"de_DE\" \/>\n<meta property=\"og:type\" content=\"article\" \/>\n<meta property=\"og:title\" content=\"\u00dcber mich - who knows the world\" \/>\n<meta property=\"og:description\" content=\"Tauch- und Reiseblog von Isabel who knows the world Scubadiving und Reisen in Afrika, Asien und dem Rest der Welt\" \/>\n<meta property=\"og:url\" content=\"https:\/\/whoknowstheworld.com\/?page_id=6430\" \/>\n<meta property=\"og:site_name\" content=\"who knows the world\" \/>\n<meta property=\"article:publisher\" content=\"https:\/\/web.facebook.com\/isabel.sahm.3\/\" \/>\n<meta property=\"article:modified_time\" content=\"2025-02-03T08:48:39+00:00\" \/>\n<meta property=\"og:image\" content=\"https:\/\/whoknowstheworld.com\/wp-content\/uploads\/2025\/02\/IMG-20240914-WA0019-e1738497843399.jpg\" \/>\n\t<meta property=\"og:image:width\" content=\"1420\" \/>\n\t<meta property=\"og:image:height\" content=\"1645\" \/>\n\t<meta property=\"og:image:type\" content=\"image\/jpeg\" \/>\n<meta name=\"twitter:card\" content=\"summary_large_image\" \/>\n<meta name=\"twitter:label1\" content=\"Gesch\u00e4tzte Lesezeit\" \/>\n\t<meta name=\"twitter:data1\" content=\"2\u00a0Minuten\" \/>\n<script type=\"application\/ld+json\" class=\"yoast-schema-graph\">{\"@context\":\"https:\/\/schema.org\",\"@graph\":[{\"@type\":\"WebPage\",\"@id\":\"https:\/\/whoknowstheworld.com\/?page_id=6430\",\"url\":\"https:\/\/whoknowstheworld.com\/?page_id=6430\",\"name\":\"\u00dcber mich - who knows the world\",\"isPartOf\":{\"@id\":\"https:\/\/whoknowstheworld.com\/#website\"},\"datePublished\":\"2023-02-15T14:16:12+00:00\",\"dateModified\":\"2025-02-03T08:48:39+00:00\",\"description\":\"Tauch- und Reiseblog von Isabel who knows the world Scubadiving und Reisen in Afrika, Asien und dem Rest der Welt\",\"breadcrumb\":{\"@id\":\"https:\/\/whoknowstheworld.com\/?page_id=6430#breadcrumb\"},\"inLanguage\":\"de\",\"potentialAction\":[{\"@type\":\"ReadAction\",\"target\":[\"https:\/\/whoknowstheworld.com\/?page_id=6430\"]}]},{\"@type\":\"BreadcrumbList\",\"@id\":\"https:\/\/whoknowstheworld.com\/?page_id=6430#breadcrumb\",\"itemListElement\":[{\"@type\":\"ListItem\",\"position\":1,\"name\":\"Startseite\",\"item\":\"https:\/\/whoknowstheworld.com\/\"},{\"@type\":\"ListItem\",\"position\":2,\"name\":\"\u00dcber mich\"}]},{\"@type\":\"WebSite\",\"@id\":\"https:\/\/whoknowstheworld.com\/#website\",\"url\":\"https:\/\/whoknowstheworld.com\/\",\"name\":\"who knows the world\",\"description\":\"travel stories\",\"publisher\":{\"@id\":\"https:\/\/whoknowstheworld.com\/#\/schema\/person\/afb13ae096601ddd7e9a2a8e2fb96a07\"},\"potentialAction\":[{\"@type\":\"SearchAction\",\"target\":{\"@type\":\"EntryPoint\",\"urlTemplate\":\"https:\/\/whoknowstheworld.com\/?s={search_term_string}\"},\"query-input\":\"required name=search_term_string\"}],\"inLanguage\":\"de\"},{\"@type\":[\"Person\",\"Organization\"],\"@id\":\"https:\/\/whoknowstheworld.com\/#\/schema\/person\/afb13ae096601ddd7e9a2a8e2fb96a07\",\"name\":\"Isabel\",\"image\":{\"@type\":\"ImageObject\",\"inLanguage\":\"de\",\"@id\":\"https:\/\/whoknowstheworld.com\/#\/schema\/person\/image\/\",\"url\":\"https:\/\/whoknowstheworld.com\/wp-content\/uploads\/2023\/02\/Logo.png\",\"contentUrl\":\"https:\/\/whoknowstheworld.com\/wp-content\/uploads\/2023\/02\/Logo.png\",\"width\":500,\"height\":500,\"caption\":\"Isabel\"},\"logo\":{\"@id\":\"https:\/\/whoknowstheworld.com\/#\/schema\/person\/image\/\"},\"sameAs\":[\"http:\/\/www.whoknowstheworld.com\",\"https:\/\/web.facebook.com\/isabel.sahm.3\/\",\"https:\/\/instagram.com\/is_whoknowstheworld?igshid=NTE5MzUyOTU=\"]}]}<\/script>\n<!-- \/ Yoast SEO plugin. -->","yoast_head_json":{"title":"\u00dcber mich - who knows the world","description":"Tauch- und Reiseblog von Isabel who knows the world Scubadiving und Reisen in Afrika, Asien und dem Rest der Welt","robots":{"index":"index","follow":"follow","max-snippet":"max-snippet:-1","max-image-preview":"max-image-preview:large","max-video-preview":"max-video-preview:-1"},"canonical":"https:\/\/whoknowstheworld.com\/?page_id=6430","og_locale":"de_DE","og_type":"article","og_title":"\u00dcber mich - who knows the world","og_description":"Tauch- und Reiseblog von Isabel who knows the world Scubadiving und Reisen in Afrika, Asien und dem Rest der Welt","og_url":"https:\/\/whoknowstheworld.com\/?page_id=6430","og_site_name":"who knows the world","article_publisher":"https:\/\/web.facebook.com\/isabel.sahm.3\/","article_modified_time":"2025-02-03T08:48:39+00:00","og_image":[{"width":1420,"height":1645,"url":"https:\/\/whoknowstheworld.com\/wp-content\/uploads\/2025\/02\/IMG-20240914-WA0019-e1738497843399.jpg","type":"image\/jpeg"}],"twitter_card":"summary_large_image","twitter_misc":{"Gesch\u00e4tzte Lesezeit":"2\u00a0Minuten"},"schema":{"@context":"https:\/\/schema.org","@graph":[{"@type":"WebPage","@id":"https:\/\/whoknowstheworld.com\/?page_id=6430","url":"https:\/\/whoknowstheworld.com\/?page_id=6430","name":"\u00dcber mich - who knows the world","isPartOf":{"@id":"https:\/\/whoknowstheworld.com\/#website"},"datePublished":"2023-02-15T14:16:12+00:00","dateModified":"2025-02-03T08:48:39+00:00","description":"Tauch- und Reiseblog von Isabel who knows the world Scubadiving und Reisen in Afrika, Asien und dem Rest der Welt","breadcrumb":{"@id":"https:\/\/whoknowstheworld.com\/?page_id=6430#breadcrumb"},"inLanguage":"de","potentialAction":[{"@type":"ReadAction","target":["https:\/\/whoknowstheworld.com\/?page_id=6430"]}]},{"@type":"BreadcrumbList","@id":"https:\/\/whoknowstheworld.com\/?page_id=6430#breadcrumb","itemListElement":[{"@type":"ListItem","position":1,"name":"Startseite","item":"https:\/\/whoknowstheworld.com\/"},{"@type":"ListItem","position":2,"name":"\u00dcber mich"}]},{"@type":"WebSite","@id":"https:\/\/whoknowstheworld.com\/#website","url":"https:\/\/whoknowstheworld.com\/","name":"who knows the world","description":"travel stories","publisher":{"@id":"https:\/\/whoknowstheworld.com\/#\/schema\/person\/afb13ae096601ddd7e9a2a8e2fb96a07"},"potentialAction":[{"@type":"SearchAction","target":{"@type":"EntryPoint","urlTemplate":"https:\/\/whoknowstheworld.com\/?s={search_term_string}"},"query-input":"required name=search_term_string"}],"inLanguage":"de"},{"@type":["Person","Organization"],"@id":"https:\/\/whoknowstheworld.com\/#\/schema\/person\/afb13ae096601ddd7e9a2a8e2fb96a07","name":"Isabel","image":{"@type":"ImageObject","inLanguage":"de","@id":"https:\/\/whoknowstheworld.com\/#\/schema\/person\/image\/","url":"https:\/\/whoknowstheworld.com\/wp-content\/uploads\/2023\/02\/Logo.png","contentUrl":"https:\/\/whoknowstheworld.com\/wp-content\/uploads\/2023\/02\/Logo.png","width":500,"height":500,"caption":"Isabel"},"logo":{"@id":"https:\/\/whoknowstheworld.com\/#\/schema\/person\/image\/"},"sameAs":["http:\/\/www.whoknowstheworld.com","https:\/\/web.facebook.com\/isabel.sahm.3\/","https:\/\/instagram.com\/is_whoknowstheworld?igshid=NTE5MzUyOTU="]}]}},"_links":{"self":[{"href":"https:\/\/whoknowstheworld.com\/index.php?rest_route=\/wp\/v2\/pages\/6430","targetHints":{"allow":["GET"]}}],"collection":[{"href":"https:\/\/whoknowstheworld.com\/index.php?rest_route=\/wp\/v2\/pages"}],"about":[{"href":"https:\/\/whoknowstheworld.com\/index.php?rest_route=\/wp\/v2\/types\/page"}],"author":[{"embeddable":true,"href":"https:\/\/whoknowstheworld.com\/index.php?rest_route=\/wp\/v2\/users\/1"}],"replies":[{"embeddable":true,"href":"https:\/\/whoknowstheworld.com\/index.php?rest_route=%2Fwp%2Fv2%2Fcomments&post=6430"}],"version-history":[{"count":13,"href":"https:\/\/whoknowstheworld.com\/index.php?rest_route=\/wp\/v2\/pages\/6430\/revisions"}],"predecessor-version":[{"id":6866,"href":"https:\/\/whoknowstheworld.com\/index.php?rest_route=\/wp\/v2\/pages\/6430\/revisions\/6866"}],"wp:featuredmedia":[{"embeddable":true,"href":"https:\/\/whoknowstheworld.com\/index.php?rest_route=\/wp\/v2\/media\/6846"}],"wp:attachment":[{"href":"https:\/\/whoknowstheworld.com\/index.php?rest_route=%2Fwp%2Fv2%2Fmedia&parent=6430"}],"curies":[{"name":"wp","href":"https:\/\/api.w.org\/{rel}","templated":true}]}}